{"id":13,"date":"2025-02-12T07:59:18","date_gmt":"2025-02-12T07:59:18","guid":{"rendered":"https:\/\/tippexpress.expressone.hu\/?page_id=13"},"modified":"2026-02-09T15:45:18","modified_gmt":"2026-02-09T14:45:18","slug":"regisztracio","status":"publish","type":"page","link":"https:\/\/dev.bolkodesign.hu\/tippexpress\/","title":{"rendered":"Regisztr\u00e1ci\u00f3"},"content":{"rendered":"\t\t<div data-elementor-type=\"wp-page\" data-elementor-id=\"13\" class=\"elementor elementor-13\" data-elementor-post-type=\"page\">\n\t\t\t\t<div class=\"elementor-element elementor-element-15f2f21 e-con-full e-flex e-con e-parent\" data-id=\"15f2f21\" data-element_type=\"container\" data-e-type=\"container\">\n\t\t<div class=\"elementor-element elementor-element-acaf31d e-con-full e-flex e-con e-child\" data-id=\"acaf31d\" data-element_type=\"container\" data-e-type=\"container\">\n\t\t\t\t<div class=\"elementor-element elementor-element-0a1fde6 elementor-hidden-mobile elementor-widget elementor-widget-image\" data-id=\"0a1fde6\" data-element_type=\"widget\" data-e-type=\"widget\" data-widget_type=\"image.default\">\n\t\t\t\t<div class=\"elementor-widget-container\">\n\t\t\t\t\t\t\t\t\t\t\t\t\t\t\t<img fetchpriority=\"high\" decoding=\"async\" width=\"721\" height=\"391\" src=\"https:\/\/dev.bolkodesign.hu\/tippexpress\/wp-content\/uploads\/2026\/02\/urlap-fejlec-tablet.webp\" class=\"attachment-full size-full wp-image-196\" alt=\"\" srcset=\"https:\/\/dev.bolkodesign.hu\/tippexpress\/wp-content\/uploads\/2026\/02\/urlap-fejlec-tablet.webp 721w, https:\/\/dev.bolkodesign.hu\/tippexpress\/wp-content\/uploads\/2026\/02\/urlap-fejlec-tablet-300x163.webp 300w\" sizes=\"(max-width: 721px) 100vw, 721px\" \/>\t\t\t\t\t\t\t\t\t\t\t\t\t\t\t<\/div>\n\t\t\t\t<\/div>\n\t\t\t\t<div class=\"elementor-element elementor-element-dc94bb7 elementor-hidden-desktop elementor-hidden-tablet elementor-widget elementor-widget-image\" data-id=\"dc94bb7\" data-element_type=\"widget\" data-e-type=\"widget\" data-widget_type=\"image.default\">\n\t\t\t\t<div class=\"elementor-widget-container\">\n\t\t\t\t\t\t\t\t\t\t\t\t\t\t\t<img decoding=\"async\" width=\"361\" height=\"341\" src=\"https:\/\/dev.bolkodesign.hu\/tippexpress\/wp-content\/uploads\/2026\/02\/urlap-fejlec-mobil.webp\" class=\"attachment-full size-full wp-image-195\" alt=\"\" srcset=\"https:\/\/dev.bolkodesign.hu\/tippexpress\/wp-content\/uploads\/2026\/02\/urlap-fejlec-mobil.webp 361w, https:\/\/dev.bolkodesign.hu\/tippexpress\/wp-content\/uploads\/2026\/02\/urlap-fejlec-mobil-300x283.webp 300w\" sizes=\"(max-width: 361px) 100vw, 361px\" \/>\t\t\t\t\t\t\t\t\t\t\t\t\t\t\t<\/div>\n\t\t\t\t<\/div>\n\t\t\t\t<\/div>\n\t\t<div class=\"elementor-element elementor-element-52d373b e-con-full e-flex e-con e-child\" data-id=\"52d373b\" data-element_type=\"container\" data-e-type=\"container\">\n\t\t\t\t<div class=\"elementor-element elementor-element-e33e95b elementor-widget elementor-widget-heading\" data-id=\"e33e95b\" data-element_type=\"widget\" data-e-type=\"widget\" data-widget_type=\"heading.default\">\n\t\t\t\t<div class=\"elementor-widget-container\">\n\t\t\t\t\t<h2 class=\"elementor-heading-title elementor-size-default\">Az \u00d6n adatai:<\/h2>\t\t\t\t<\/div>\n\t\t\t\t<\/div>\n\t\t\t\t<div class=\"elementor-element elementor-element-67895ad elementor-button-align-stretch elementor-widget elementor-widget-form\" data-id=\"67895ad\" data-element_type=\"widget\" data-e-type=\"widget\" data-settings=\"{&quot;step_next_label&quot;:&quot;K\\u00f6vetkez\\u0151&quot;,&quot;step_previous_label&quot;:&quot;El\\u0151z\\u0151&quot;,&quot;button_width&quot;:&quot;100&quot;,&quot;step_type&quot;:&quot;number_text&quot;,&quot;step_icon_shape&quot;:&quot;circle&quot;}\" data-widget_type=\"form.default\">\n\t\t\t\t<div class=\"elementor-widget-container\">\n\t\t\t\t\t\t\t<form class=\"elementor-form\" method=\"post\" name=\"Regisztr\u00e1ci\u00f3\" aria-label=\"Regisztr\u00e1ci\u00f3\">\n\t\t\t<input type=\"hidden\" name=\"post_id\" value=\"13\"\/>\n\t\t\t<input type=\"hidden\" name=\"form_id\" value=\"67895ad\"\/>\n\t\t\t<input type=\"hidden\" name=\"referer_title\" value=\"\" \/>\n\n\t\t\t\n\t\t\t<div class=\"elementor-form-fields-wrapper elementor-labels-above\">\n\t\t\t\t\t\t\t\t<div class=\"elementor-field-type-text elementor-field-group elementor-column elementor-field-group-name elementor-col-100 elementor-field-required elementor-mark-required\">\n\t\t\t\t\t\t\t\t\t\t\t\t<label for=\"form-field-name\" class=\"elementor-field-label\">\n\t\t\t\t\t\t\t\tN\u00e9v\t\t\t\t\t\t\t<\/label>\n\t\t\t\t\t\t\t\t\t\t\t\t\t\t<input size=\"1\" type=\"text\" name=\"form_fields[name]\" id=\"form-field-name\" class=\"elementor-field elementor-size-md  elementor-field-textual\" placeholder=\"Az \u00d6n teljes neve\" required=\"required\">\n\t\t\t\t\t\t\t\t\t\t\t<\/div>\n\t\t\t\t\t\t\t\t<div class=\"elementor-field-type-text elementor-field-group elementor-column elementor-field-group-field_e11df16 elementor-col-100 elementor-field-required elementor-mark-required\">\n\t\t\t\t\t\t\t\t\t\t\t\t<label for=\"form-field-field_e11df16\" class=\"elementor-field-label\">\n\t\t\t\t\t\t\t\tC\u00e9gn\u00e9v\t\t\t\t\t\t\t<\/label>\n\t\t\t\t\t\t\t\t\t\t\t\t\t\t<input size=\"1\" type=\"text\" name=\"form_fields[field_e11df16]\" id=\"form-field-field_e11df16\" class=\"elementor-field elementor-size-md  elementor-field-textual\" placeholder=\"A c\u00e9g, ahol dolgozik\" required=\"required\">\n\t\t\t\t\t\t\t\t\t\t\t<\/div>\n\t\t\t\t\t\t\t\t<div class=\"elementor-field-type-email elementor-field-group elementor-column elementor-field-group-email elementor-col-100 elementor-field-required elementor-mark-required\">\n\t\t\t\t\t\t\t\t\t\t\t\t<label for=\"form-field-email\" class=\"elementor-field-label\">\n\t\t\t\t\t\t\t\tEmail\t\t\t\t\t\t\t<\/label>\n\t\t\t\t\t\t\t\t\t\t\t\t\t\t<input size=\"1\" type=\"email\" name=\"form_fields[email]\" id=\"form-field-email\" class=\"elementor-field elementor-size-md  elementor-field-textual\" placeholder=\"Az \u00d6n e-mail c\u00edme\" required=\"required\">\n\t\t\t\t\t\t\t\t\t\t\t<\/div>\n\t\t\t\t\t\t\t\t<div class=\"elementor-field-type-text elementor-field-group elementor-column elementor-field-group-field_8bdd7f6 elementor-col-100 elementor-field-required elementor-mark-required\">\n\t\t\t\t\t\t\t\t\t\t\t\t<label for=\"form-field-field_8bdd7f6\" class=\"elementor-field-label\">\n\t\t\t\t\t\t\t\tMunkak\u00f6r\t\t\t\t\t\t\t<\/label>\n\t\t\t\t\t\t\t\t\t\t\t\t\t\t<input size=\"1\" type=\"text\" name=\"form_fields[field_8bdd7f6]\" id=\"form-field-field_8bdd7f6\" class=\"elementor-field elementor-size-md  elementor-field-textual\" placeholder=\"Az \u00d6n munkak\u00f6re\" required=\"required\">\n\t\t\t\t\t\t\t\t\t\t\t<\/div>\n\t\t\t\t\t\t\t\t<div class=\"elementor-field-type-tel elementor-field-group elementor-column elementor-field-group-field_35d93cb elementor-col-100 elementor-field-required elementor-mark-required\">\n\t\t\t\t\t\t\t\t\t\t\t\t<label for=\"form-field-field_35d93cb\" class=\"elementor-field-label\">\n\t\t\t\t\t\t\t\tTelefonsz\u00e1m\t\t\t\t\t\t\t<\/label>\n\t\t\t\t\t\t\t\t<input size=\"1\" type=\"tel\" name=\"form_fields[field_35d93cb]\" id=\"form-field-field_35d93cb\" class=\"elementor-field elementor-size-md  elementor-field-textual\" placeholder=\"+36121234567\" required=\"required\" pattern=\"[0-9()#&amp;+*-=.]+\" title=\"Only numbers and phone characters (#, -, *, etc) are accepted.\">\n\n\t\t\t\t\t\t<\/div>\n\t\t\t\t\t\t\t\t<div class=\"elementor-field-type-checkbox elementor-field-group elementor-column elementor-field-group-field_93dc07d elementor-col-100\">\n\t\t\t\t\t\t\t\t\t\t\t\t<label for=\"form-field-field_93dc07d\" class=\"elementor-field-label\">\n\t\t\t\t\t\t\t\tLogisztikai aj\u00e1nlat\t\t\t\t\t\t\t<\/label>\n\t\t\t\t\t\t<div class=\"elementor-field-subgroup  \"><span class=\"elementor-field-option\"><input type=\"checkbox\" value=\"Szeretn\u00e9m, hogy az Express One megkeressen egy szem\u00e9lyre szabott logisztikai aj\u00e1nlattal.\" id=\"form-field-field_93dc07d-0\" name=\"form_fields[field_93dc07d]\"> <label for=\"form-field-field_93dc07d-0\">Szeretn\u00e9m, hogy az Express One megkeressen egy szem\u00e9lyre szabott logisztikai aj\u00e1nlattal.<\/label><\/span><\/div>\t\t\t\t<\/div>\n\t\t\t\t\t\t\t\t<div class=\"elementor-field-type-acceptance elementor-field-group elementor-column elementor-field-group-field_fdfd76b elementor-col-100 elementor-field-required elementor-mark-required\">\n\t\t\t\t\t\t\t\t\t\t\t\t<label for=\"form-field-field_fdfd76b\" class=\"elementor-field-label\">\n\t\t\t\t\t\t\t\tAdatkezel\u00e9s \u00e9s h\u00edrlev\u00e9l\t\t\t\t\t\t\t<\/label>\n\t\t\t\t\t\t\t\t<div class=\"elementor-field-subgroup\">\n\t\t\t<span class=\"elementor-field-option\">\n\t\t\t\t<input type=\"checkbox\" name=\"form_fields[field_fdfd76b]\" id=\"form-field-field_fdfd76b\" class=\"elementor-field elementor-size-md  elementor-acceptance-field\" required=\"required\">\n\t\t\t\t<label for=\"form-field-field_fdfd76b\">Beleegyezem adataim marketing c\u00e9l\u00fa felhaszn\u00e1l\u00e1s\u00e1ba, a k\u00e9rd\u0151\u00edv kit\u00f6lt\u00e9s\u00e9vel pedig automatikusan feliratkozom az Express One h\u00edrleveleire. <a href=\"https:\/\/expressone.hu\/adatkezelesi-tajekoztato\" target=\"_blank\">Adatkezel\u00e9si t\u00e1j\u00e9koztat\u00f3<\/a>.<\/label>\t\t\t<\/span>\n\t\t<\/div>\n\t\t\t\t\t\t<\/div>\n\t\t\t\t\t\t\t\t<div class=\"elementor-field-type-text\">\n\t\t\t\t\t<input size=\"1\" type=\"text\" name=\"form_fields[field_2845917]\" id=\"form-field-field_2845917\" class=\"elementor-field elementor-size-md \" style=\"display:none !important;\">\t\t\t\t<\/div>\n\t\t\t\t\t\t\t\t<div class=\"elementor-field-group elementor-column elementor-field-type-submit elementor-col-100 e-form__buttons\">\n\t\t\t\t\t<button class=\"elementor-button elementor-size-sm\" type=\"submit\">\n\t\t\t\t\t\t<span class=\"elementor-button-content-wrapper\">\n\t\t\t\t\t\t\t\t\t\t\t\t\t\t\t\t\t\t\t\t\t\t<span class=\"elementor-button-text\">Bek\u00fcld\u00e9s<\/span>\n\t\t\t\t\t\t\t\t\t\t\t\t\t<\/span>\n\t\t\t\t\t<\/button>\n\t\t\t\t<\/div>\n\t\t\t<\/div>\n\t\t<\/form>\n\t\t\t\t\t\t<\/div>\n\t\t\t\t<\/div>\n\t\t\t\t<\/div>\n\t\t<div class=\"elementor-element elementor-element-578aa99 e-flex e-con-boxed e-con e-child\" data-id=\"578aa99\" data-element_type=\"container\" data-e-type=\"container\">\n\t\t\t\t\t<div class=\"e-con-inner\">\n\t\t\t\t<div class=\"elementor-element elementor-element-04d9d94 elementor-widget elementor-widget-image\" data-id=\"04d9d94\" data-element_type=\"widget\" data-e-type=\"widget\" data-widget_type=\"image.default\">\n\t\t\t\t<div class=\"elementor-widget-container\">\n\t\t\t\t\t\t\t\t\t\t\t\t\t\t\t<img decoding=\"async\" width=\"720\" height=\"948\" src=\"https:\/\/dev.bolkodesign.hu\/tippexpress\/wp-content\/uploads\/2025\/02\/Lablec.png\" class=\"attachment-full size-full wp-image-38\" alt=\"\" srcset=\"https:\/\/dev.bolkodesign.hu\/tippexpress\/wp-content\/uploads\/2025\/02\/Lablec.png 720w, https:\/\/dev.bolkodesign.hu\/tippexpress\/wp-content\/uploads\/2025\/02\/Lablec-228x300.png 228w\" sizes=\"(max-width: 720px) 100vw, 720px\" \/>\t\t\t\t\t\t\t\t\t\t\t\t\t\t\t<\/div>\n\t\t\t\t<\/div>\n\t\t\t\t\t<\/div>\n\t\t\t\t<\/div>\n\t\t\t\t<\/div>\n\t\t\t\t<\/div>\n\t\t","protected":false},"excerpt":{"rendered":"<p>Az \u00d6n adatai:<\/p>\n","protected":false},"author":1,"featured_media":0,"parent":0,"menu_order":0,"comment_status":"closed","ping_status":"closed","template":"elementor_canvas","meta":{"footnotes":""},"class_list":["post-13","page","type-page","status-publish","hentry"],"_links":{"self":[{"href":"https:\/\/dev.bolkodesign.hu\/tippexpress\/wp-json\/wp\/v2\/pages\/13","targetHints":{"allow":["GET"]}}],"collection":[{"href":"https:\/\/dev.bolkodesign.hu\/tippexpress\/wp-json\/wp\/v2\/pages"}],"about":[{"href":"https:\/\/dev.bolkodesign.hu\/tippexpress\/wp-json\/wp\/v2\/types\/page"}],"author":[{"embeddable":true,"href":"https:\/\/dev.bolkodesign.hu\/tippexpress\/wp-json\/wp\/v2\/users\/1"}],"replies":[{"embeddable":true,"href":"https:\/\/dev.bolkodesign.hu\/tippexpress\/wp-json\/wp\/v2\/comments?post=13"}],"version-history":[{"count":136,"href":"https:\/\/dev.bolkodesign.hu\/tippexpress\/wp-json\/wp\/v2\/pages\/13\/revisions"}],"predecessor-version":[{"id":240,"href":"https:\/\/dev.bolkodesign.hu\/tippexpress\/wp-json\/wp\/v2\/pages\/13\/revisions\/240"}],"wp:attachment":[{"href":"https:\/\/dev.bolkodesign.hu\/tippexpress\/wp-json\/wp\/v2\/media?parent=13"}],"curies":[{"name":"wp","href":"https:\/\/api.w.org\/{rel}","templated":true}]}}