{"id":12,"date":"2026-01-19T10:06:00","date_gmt":"2026-01-19T09:06:00","guid":{"rendered":"https:\/\/dev.bolkodesign.hu\/axicont\/?page_id=12"},"modified":"2026-02-05T23:08:32","modified_gmt":"2026-02-05T22:08:32","slug":"adatkezelesi-tajekoztato","status":"publish","type":"page","link":"https:\/\/dev.bolkodesign.hu\/axicont\/adatkezelesi-tajekoztato\/","title":{"rendered":"Adatkezel\u00e9si t\u00e1j\u00e9koztat\u00f3"},"content":{"rendered":"\t\t<div data-elementor-type=\"wp-page\" data-elementor-id=\"12\" class=\"elementor elementor-12\" data-elementor-post-type=\"page\">\n\t\t\t\t<div class=\"elementor-element elementor-element-e65cb15 e-flex e-con-boxed e-con e-parent\" data-id=\"e65cb15\" data-element_type=\"container\" data-e-type=\"container\" data-settings=\"{&quot;background_background&quot;:&quot;classic&quot;,&quot;jet_parallax_layout_list&quot;:[]}\">\n\t\t\t\t\t<div class=\"e-con-inner\">\n\t\t<div class=\"elementor-element elementor-element-40f5042 e-con-full e-flex e-con e-child\" data-id=\"40f5042\" data-element_type=\"container\" data-e-type=\"container\" data-settings=\"{&quot;background_background&quot;:&quot;classic&quot;,&quot;jet_parallax_layout_list&quot;:[]}\">\n\t\t\t\t<div class=\"elementor-element elementor-element-dcaa3cc elementor-widget elementor-widget-heading\" data-id=\"dcaa3cc\" data-element_type=\"widget\" data-e-type=\"widget\" data-widget_type=\"heading.default\">\n\t\t\t\t\t<h1 class=\"elementor-heading-title elementor-size-default\">Adatkezel\u00e9si t\u00e1j\u00e9koztat\u00f3<\/h1>\t\t\t\t<\/div>\n\t\t\t\t<div class=\"elementor-element elementor-element-bef60f6 elementor-widget elementor-widget-text-editor\" data-id=\"bef60f6\" data-element_type=\"widget\" data-e-type=\"widget\" data-widget_type=\"text-editor.default\">\n\t\t\t\t\t\t\t\t\t<p>Jelen t\u00e1j\u00e9koztat\u00f3 utols\u00f3 friss\u00edt\u00e9s\u00e9nek d\u00e1tuma: 2025. okt\u00f3ber 15.<\/p>\t\t\t\t\t\t\t\t<\/div>\n\t\t\t\t<div class=\"elementor-element elementor-element-16d1cff elementor-widget elementor-widget-text-editor\" data-id=\"16d1cff\" data-element_type=\"widget\" data-e-type=\"widget\" data-widget_type=\"text-editor.default\">\n\t\t\t\t\t\t\t\t\t<p>Az adatv\u00e9delem rendk\u00edv\u00fcl fontos sz\u00e1munkra, \u00e9s szeretn\u00e9nk \u00e1tl\u00e1that\u00f3s\u00e1got biztos\u00edtani azzal kapcsolatban, hogy hogyan gy\u0171jtj\u00fck az \u00d6n szem\u00e9lyes adatait \u00e9s hogyan dolgozunk azokkal. K\u00e9rj\u00fck, olvassa el ezt a t\u00e1j\u00e9koztat\u00f3t, \u00e9s amennyiben k\u00e9rd\u00e9se van, forduljon hozz\u00e1nk bizalommal!<\/p><p>A jelen t\u00e1j\u00e9koztat\u00f3 inform\u00e1ci\u00f3t ny\u00fajt a szem\u00e9lyes adataihoz f\u0171z\u0151d\u0151 jogair\u00f3l, \u00e9s ismerteti azokat az alapelveket, amelyeket az Axicont Kft. k\u00f6vet az \u00d6n szem\u00e9lyes adatainak kezel\u00e9se sor\u00e1n. Az al\u00e1bbi dokumentumban foglaltak a szem\u00e9lyes adatok kezel\u00e9s\u00e9re vonatkoz\u00f3 \u00e1ltal\u00e1nos felt\u00e9teleket tartalmazz\u00e1k, \u00edgy az Axicont Kft. minden term\u00e9ke vagy szolg\u00e1ltat\u00e1sa, weboldala, vagy a partnereinkkel k\u00f6z\u00f6sen ny\u00fajtott b\u00e1rmely term\u00e9k\u00fcnk vagy szolg\u00e1ltat\u00e1sunk haszn\u00e1lata sor\u00e1n alkalmazand\u00f3ak. Ezen fel\u00fcl az \u00e9rintett term\u00e9kt\u0151l vagy szolg\u00e1ltat\u00e1st\u00f3l f\u00fcgg\u0151en tov\u00e1bbi k\u00fcl\u00f6n\u00f6s felt\u00e9telek \u00e9s t\u00e1j\u00e9koztat\u00f3k is \u00e9rv\u00e9nyesek lehetnek, ezeket al\u00e1bb r\u00e9szletesen felsoroljuk. K\u00e9rj\u00fck, olvassa el figyelmesen az \u00d6nre vonatkoz\u00f3 felt\u00e9teleket \u00e9s t\u00e1j\u00e9koztat\u00f3kat, mivel mind a jelen t\u00e1j\u00e9koztat\u00f3ban foglaltak, mind a k\u00fcl\u00f6n\u00f6s felt\u00e9telek k\u00f6telezetts\u00e9geket is megfogalmaznak \u00d6nre n\u00e9zve, amennyiben szolg\u00e1ltat\u00e1sainkat ig\u00e9nybe veszi. Amennyiben ellentmond\u00e1s van jelen dokumentumban foglalt rendelkez\u00e9sek \u00e9s a k\u00fcl\u00f6n\u00f6s felt\u00e9telek, t\u00e1j\u00e9koztat\u00f3k k\u00f6z\u00f6tt, \u00fagy a k\u00fcl\u00f6n\u00f6s felt\u00e9telek \u00e9s t\u00e1j\u00e9koztat\u00f3k szab\u00e1lyai \u00e9rv\u00e9nyes\u00fclnek.<br \/>Felh\u00edvjuk a figyelm\u00e9t arra, hogy amennyiben az Axicont Kft. valamely szolg\u00e1ltat\u00e1s\u00e1t veszi ig\u00e9nybe, \u00fagy arra vonatkoz\u00f3an a t\u00e1rsas\u00e1g mindenkor hat\u00e1lyos \u00e1ltal\u00e1nos szerz\u0151d\u00e9si felt\u00e9telei az ir\u00e1nyad\u00f3ak, amelyet \u00d6n a szerz\u0151d\u00e9s megk\u00f6t\u00e9s\u00e9vel elfogad, \u00e9s amely \u00e1ltal\u00e1nos szerz\u0151d\u00e9si felt\u00e9telek r\u00e9szletesen is tartalmazz\u00e1k az Axicont Kft. egyes szolg\u00e1ltat\u00e1sokra vonatkoz\u00f3 adatkezel\u00e9si felt\u00e9teleit. Az \u00e1ltal\u00e1nos szerz\u0151d\u00e9si felt\u00e9telek \u00e9s a jelen t\u00e1j\u00e9koztat\u00f3 k\u00f6z\u00f6tti ellentmond\u00e1s eset\u00e9n az \u00e1ltal\u00e1nos szerz\u0151d\u00e9si felt\u00e9telek rendelkez\u00e9sei az ir\u00e1nyad\u00f3ak.<\/p>\t\t\t\t\t\t\t\t<\/div>\n\t\t\t\t<div class=\"elementor-element elementor-element-93d0ec2 elementor-widget elementor-widget-heading\" data-id=\"93d0ec2\" data-element_type=\"widget\" data-e-type=\"widget\" data-widget_type=\"heading.default\">\n\t\t\t\t\t<h2 class=\"elementor-heading-title elementor-size-default\">Lorem ipsum dolor sit amet<\/h2>\t\t\t\t<\/div>\n\t\t\t\t<div class=\"elementor-element elementor-element-6e3746d elementor-widget elementor-widget-text-editor\" data-id=\"6e3746d\" data-element_type=\"widget\" data-e-type=\"widget\" data-widget_type=\"text-editor.default\">\n\t\t\t\t\t\t\t\t\t<p>Sed ut perspiciatis unde omnis iste natus error sit voluptatem accusantium doloremque laudantium, totam rem aperiam, eaque ipsa quae ab illo inventore veritatis et quasi architecto beatae vitae dicta sunt explicabo. Nemoamnaenturuptas vol. Nemoamnaturup aut odit aut fugit, sed quia consequuntur magni dolores eos qui ratione voluptatem sequi nesciunt, qui dolorem ipsum quia dolor sit amet, consectetur, adipisci velit, modi sed laboratuneucid. dolore magnam aliquam quaerat voluptatem Ut enim ad minimum veniam, quis nostrum exercitationem ullam corporis suscipit laboriosam, nisi ut aliquid ex ea commodi consequatur? Quis autem vel eum iure reprehenderit qui in ea voluptate velit esse quam nihil molestiae consequatur, vel illum qui dolorem eum fugiat quo voluptas nulla pariatur? Sed ut perspiciatis unde omnis iste natus error sit voluptatem accusantium doloremque laudantium, totam rem aperiam, eaque ipsa quae ab illo inventore veritatis et quasi architecto beatae vitae dicta sunt explicabo. Nemoamnaenturuptas vol. Nemoamnaturup aut odit aut fugit, sed quia consequuntur magni dolores eos qui ratione voluptatem sequi nesciunt, qui dolorem ipsum quia dolor sit amet, consectetur, adipisci velit, modi sed laboratuneucid. dolore magnam aliquam quaerat voluptatem Ut enim ad minimum veniam, quis nostrum exercitationem ullam corporis suscipit laboriosam, nisi ut aliquid ex ea commodi consequatur? Quis autem vel eum iure reprehenderit qui in ea voluptate velit esse quam nihil molestiae consequatur, vel illum qui dolorem eum fugiat quo voluptas nulla pariatur?<\/p>\t\t\t\t\t\t\t\t<\/div>\n\t\t\t\t<\/div>\n\t\t\t\t\t<\/div>\n\t\t\t\t<\/div>\n\t\t\t\t<\/div>\n\t\t","protected":false},"excerpt":{"rendered":"<p>Adatkezel\u00e9si t\u00e1j\u00e9koztat\u00f3 Jelen t\u00e1j\u00e9koztat\u00f3 utols\u00f3 friss\u00edt\u00e9s\u00e9nek d\u00e1tuma: 2025. okt\u00f3ber 15. Az adatv\u00e9delem rendk\u00edv\u00fcl fontos sz\u00e1munkra, \u00e9s szeretn\u00e9nk \u00e1tl\u00e1that\u00f3s\u00e1got biztos\u00edtani azzal kapcsolatban, hogy hogyan gy\u0171jtj\u00fck az \u00d6n szem\u00e9lyes adatait \u00e9s hogyan dolgozunk azokkal. K\u00e9rj\u00fck, olvassa el ezt a t\u00e1j\u00e9koztat\u00f3t, \u00e9s amennyiben k\u00e9rd\u00e9se van, forduljon hozz\u00e1nk bizalommal! A jelen t\u00e1j\u00e9koztat\u00f3 inform\u00e1ci\u00f3t ny\u00fajt a szem\u00e9lyes adataihoz f\u0171z\u0151d\u0151 jogair\u00f3l, [&hellip;]<\/p>\n","protected":false},"author":1,"featured_media":0,"parent":0,"menu_order":0,"comment_status":"closed","ping_status":"closed","template":"","meta":{"footnotes":""},"class_list":["post-12","page","type-page","status-publish","hentry"],"_links":{"self":[{"href":"https:\/\/dev.bolkodesign.hu\/axicont\/wp-json\/wp\/v2\/pages\/12","targetHints":{"allow":["GET"]}}],"collection":[{"href":"https:\/\/dev.bolkodesign.hu\/axicont\/wp-json\/wp\/v2\/pages"}],"about":[{"href":"https:\/\/dev.bolkodesign.hu\/axicont\/wp-json\/wp\/v2\/types\/page"}],"author":[{"embeddable":true,"href":"https:\/\/dev.bolkodesign.hu\/axicont\/wp-json\/wp\/v2\/users\/1"}],"replies":[{"embeddable":true,"href":"https:\/\/dev.bolkodesign.hu\/axicont\/wp-json\/wp\/v2\/comments?post=12"}],"version-history":[{"count":10,"href":"https:\/\/dev.bolkodesign.hu\/axicont\/wp-json\/wp\/v2\/pages\/12\/revisions"}],"predecessor-version":[{"id":2308,"href":"https:\/\/dev.bolkodesign.hu\/axicont\/wp-json\/wp\/v2\/pages\/12\/revisions\/2308"}],"wp:attachment":[{"href":"https:\/\/dev.bolkodesign.hu\/axicont\/wp-json\/wp\/v2\/media?parent=12"}],"curies":[{"name":"wp","href":"https:\/\/api.w.org\/{rel}","templated":true}]}}